{"id":70,"date":"2013-12-15T19:35:08","date_gmt":"2013-12-15T17:35:08","guid":{"rendered":"http:\/\/www.fahrschule-friedel-thiele.de\/cms\/?page_id=70"},"modified":"2024-07-14T20:04:39","modified_gmt":"2024-07-14T18:04:39","slug":"impressum","status":"publish","type":"page","link":"https:\/\/www.fahrschule-friedel-thiele.de\/cms\/?page_id=70","title":{"rendered":"Impressum"},"content":{"rendered":"<p><span style=\"color: #000000;\"><span style=\"font-size: 12px;\"><span style=\"font-family: verdana,geneva,sans-serif;\"><b>Fahrschule<\/b><br \/>\nFriedel Thiele<br \/>\nMarktstra\u00dfe 22<br \/>\n59929 Brilon<\/span><\/span><\/span><\/p>\n<p><span style=\"color: #000000;\"><span style=\"font-size: 12px;\"><span style=\"font-family: verdana,geneva,sans-serif;\">Telefon: (02961) 6363<br \/>\nFax: (02961) 529 89 00<\/span><\/span><\/span><br \/>\n<span style=\"font-size: 12px;\"><span style=\"font-family: verdana,geneva,sans-serif;\"><span style=\"color: #000000;\">Internet:<\/span> <a href=\"https:\/\/www.fahrschule-friedel-thiele.de\">www.fahrschule-friedel-thiele.de<\/a><br \/>\n<span style=\"color: #000000;\">E-Mail:<\/span> <a href=\"mailto:info@fahrschule-friedel-thiele.de\">info@fahrschule-friedel-thiele.de<\/a><\/span><\/span><\/p>\n<p><span style=\"color: #000000;\"><span style=\"font-size: 12px;\"><span style=\"font-family: verdana,geneva,sans-serif;\"><b>Steuernummer:<\/b> 309\/5122\/0066<\/span><\/span><\/span><\/p>\n<p><span style=\"color: #000000;\"><span style=\"font-size: 12px;\"><span style=\"font-family: verdana,geneva,sans-serif;\"><b>Aufsichtsbeh\u00f6rde:<\/b><br \/>\nHochsauerlandkreis<br \/>\nStra\u00dfenverkehrsamt<br \/>\nEichholzstrasse 9<br \/>\n59821 Arnsberg<\/span><\/span><\/span><\/p>\n<p><span style=\"color: #000000;\"><span style=\"font-size: 12px;\"><span style=\"font-family: verdana,geneva,sans-serif;\">\u00a0<\/span><\/span><\/span><\/p>\n<p><span style=\"color: #000000;\"><span style=\"font-size: 12px;\"><span style=\"font-family: verdana,geneva,sans-serif;\"><b>Gesetzliche Hinweise \/ Haftung<\/b><\/span><\/span><\/span><\/p>\n<p><span style=\"color: #000000;\"><span style=\"font-size: 12px;\"><span style=\"font-family: verdana,geneva,sans-serif;\"><b>1. Inhalt des Onlineangebotes<\/b><\/span><\/span><\/span><\/p>\n<p><span style=\"color: #000000;\"><span style=\"font-size: 12px;\"><span style=\"font-family: verdana,geneva,sans-serif;\">Die Fahrschule Friedel Thiele \u00fcbernimmt keinerlei Gew\u00e4hr f\u00fcr die Aktualit\u00e4t, Korrektheit, Vollst\u00e4ndigkeit oder Qualit\u00e4t der bereitgestellten Informationen. Haftungsanspr\u00fcche gegen die Fahrschule Friedel Thiele, die sich auf Sch\u00e4den materieller oder ideeller Art beziehen, welche durch die Nutzung oder Nichtnutzung der dargebotenen Informationen bzw. durch die Nutzung fehlerhafter und unvollst\u00e4ndiger Informationen verursacht wurden sind grunds\u00e4tzlich ausgeschlossen, sofern seitens der Fahrschule Friedel Thiele kein nachweislich vors\u00e4tzliches oder grob fahrl\u00e4ssiges Verschulden vorliegt. Alle Angebote sind freibleibend und unverbindlich. Die Fahrschule Friedel Thiele beh\u00e4lt es sich ausdr\u00fccklich vor, Teile der Seiten oder das gesamte Angebot ohne gesonderte Ank\u00fcndigung zu ver\u00e4ndern, zu erg\u00e4nzen, zu l\u00f6schen oder die Ver\u00f6ffentlichung zeitweise oder endg\u00fcltig einzustellen.<\/span><\/span><\/span><\/p>\n<p><span style=\"color: #000000;\"><span style=\"font-size: 12px;\"><span style=\"font-family: verdana,geneva,sans-serif;\"><b>2. Verweise und Links<\/b><\/span><\/span><\/span><\/p>\n<p><span style=\"color: #000000;\"><span style=\"font-size: 12px;\"><span style=\"font-family: verdana,geneva,sans-serif;\">Bei direkten oder indirekten Verweisen auf fremde Internetseiten, die au\u00dferhalb des Verantwortungsbereiches der Fahrschule Friedel Thiele liegen, haftet diese nur dann, wenn sie von den Inhalten Kenntnis hat und es ihr technisch m\u00f6glich und zumutbar w\u00e4re, die Nutzung im Falle rechtswidriger Inhalte zu verhindern. Die Fahrschule Friedel Thiele erkl\u00e4rt hiermit ausdr\u00fccklich, dass zum Zeitpunkt der Linksetzung die entsprechenden verlinkten Seiten frei von illegalen Inhalten waren. Die Fahrschule Friedel Thiele erkl\u00e4rt weiterhin, dass sie keinerlei Einfluss auf die aktuelle und zuk\u00fcnftige Gestaltung und auf die Inhalte der gelinkten \/verkn\u00fcpften Seiten hat. Deshalb distanziert sie sich hiermit ausdr\u00fccklich von allen Inhalten aller gelinkten \/verkn\u00fcpften Seiten, die nach der Linksetzung ver\u00e4ndert wurden. Diese Feststellung gilt f\u00fcr alle innerhalb des eigenen Internetangebotes gesetzten Links und Verweise sowie f\u00fcr Fremdeintr\u00e4ge in vom Autor eingerichteten G\u00e4steb\u00fcchern, Diskussionsforen und Mailinglisten. F\u00fcr illegale, fehlerhafte oder unvollst\u00e4ndige Inhalte und insbesondere f\u00fcr Sch\u00e4den, die aus der Nutzung oder Nichtnutzung solcherart dargebotener Informationen entstehen, haftet allein der Anbieter der Seite, auf welche verwiesen wurde, nicht derjenige, der \u00fcber Links auf die jeweilige Ver\u00f6ffentlichung lediglich verweist.<\/span><\/span><\/span><\/p>\n<p><span style=\"color: #000000;\"><span style=\"font-size: 12px;\"><span style=\"font-family: verdana,geneva,sans-serif;\"><b>3. Urheberrecht<\/b><\/span><\/span><\/span><\/p>\n<p><span style=\"color: #000000;\"><span style=\"font-size: 12px;\"><span style=\"font-family: verdana,geneva,sans-serif;\">Die Fahrschule Friedel Thiele ist bestrebt, in allen Publikationen die Urheberrechte der verwendeten Grafiken, Tondokumente, Videosequenzen und Texte zu beachten, von ihm selbst erstellte Grafiken, Tondokumente, Videosequenzen und Texte zu nutzen oder auf lizenzfreie Grafiken, Tondokumente, Videosequenzen und Texte zur\u00fcckzugreifen. Das Copyright f\u00fcr ver\u00f6ffentlichte,\u00a0 von der Fahrschule Friedel Thiele selbst erstellte Objekte bleibt allein beim Autor der Seiten. Eine Vervielf\u00e4ltigung oder Verwendung solcher Grafiken, Tondokumente, Videosequenzen und Texte in anderen elektronischen oder gedruckten Publikationen ist ohne ausdr\u00fcckliche Zustimmung der Fahrschule Friedel Thiele nicht gestattet.<\/span><\/span><\/span><\/p>\n<p><span style=\"color: #000000;\"><span style=\"font-size: 12px;\"><span style=\"font-family: verdana,geneva,sans-serif;\"><b>4. Rechtswirksamkeit dieses Haftungsausschlusses<\/b><\/span><\/span><\/span><\/p>\n<p><span style=\"color: #000000;\"><span style=\"font-size: 12px;\"><span style=\"font-family: verdana,geneva,sans-serif;\">Dieser Haftungsausschluss ist als Teil des Internetangebotes zu betrachten, von dem aus auf diese Seite verwiesen wurde. Sofern Teile oder einzelne Formulierungen dieses Textes der geltenden Rechtslage nicht, nicht mehr oder nicht vollst\u00e4ndig entsprechen sollten, bleiben die \u00fcbrigen Teile des Dokumentes in ihrem Inhalt und ihrer G\u00fcltigkeit davon unber\u00fchrt.<\/span><\/span><\/span><\/p>\n","protected":false},"excerpt":{"rendered":"<p>Fahrschule Friedel Thiele Marktstra\u00dfe 22 59929 Brilon Telefon: (02961) 6363 Fax: (02961) 529 89 00 Internet: www.fahrschule-friedel-thiele.de E-Mail: info@fahrschule-friedel-thiele.de Steuernummer: 309\/5122\/0066 Aufsichtsbeh\u00f6rde: Hochsauerlandkreis Stra\u00dfenverkehrsamt Eichholzstrasse 9 59821 Arnsberg \u00a0 Gesetzliche Hinweise \/ Haftung 1. Inhalt des Onlineangebotes Die Fahrschule Friedel Thiele \u00fcbernimmt keinerlei Gew\u00e4hr f\u00fcr die Aktualit\u00e4t, Korrektheit, Vollst\u00e4ndigkeit oder Qualit\u00e4t der bereitgestellten Informationen. Haftungsanspr\u00fcche [&hellip;]<\/p>\n","protected":false},"author":1,"featured_media":0,"parent":0,"menu_order":0,"comment_status":"closed","ping_status":"closed","template":"","meta":{"_uf_show_specific_survey":0,"_uf_disable_surveys":false},"yoast_head":"<!-- This site is optimized with the Yoast SEO plugin v20.4 - https:\/\/yoast.com\/wordpress\/plugins\/seo\/ -->\n<title>Impressum - Fahrschule Thiele<\/title>\n<meta name=\"description\" content=\"Deine Fahrschule in Brilon f\u00fcr die Ausbildung rund um den F\u00fchrerschein! Profitiere also auch Du von unserer \u00fcber 40-j\u00e4hrigen Erfahrung!\" \/>\n<meta name=\"robots\" content=\"index, follow, max-snippet:-1, max-image-preview:large, max-video-preview:-1\" \/>\n<link rel=\"canonical\" href=\"https:\/\/www.fahrschule-friedel-thiele.de\/cms\/?page_id=70\" \/>\n<meta property=\"og:locale\" content=\"de_DE\" \/>\n<meta property=\"og:type\" content=\"article\" \/>\n<meta property=\"og:title\" content=\"Impressum - Fahrschule Thiele\" \/>\n<meta property=\"og:description\" content=\"Deine Fahrschule in Brilon f\u00fcr die Ausbildung rund um den F\u00fchrerschein! Profitiere also auch Du von unserer \u00fcber 40-j\u00e4hrigen Erfahrung!\" \/>\n<meta property=\"og:url\" content=\"https:\/\/www.fahrschule-friedel-thiele.de\/cms\/?page_id=70\" \/>\n<meta property=\"og:site_name\" content=\"Fahrschule Friedel Thiele\" \/>\n<meta property=\"article:publisher\" content=\"https:\/\/www.facebook.com\/fahrschulethiele\" \/>\n<meta property=\"article:modified_time\" content=\"2024-07-14T18:04:39+00:00\" \/>\n<meta property=\"og:image\" content=\"https:\/\/www.fahrschule-friedel-thiele.de\/cms\/wp-content\/uploads\/2024\/12\/Cupra-Tanke.jpg-scaled.jpg\" \/>\n\t<meta property=\"og:image:width\" content=\"2560\" \/>\n\t<meta property=\"og:image:height\" content=\"1920\" \/>\n\t<meta property=\"og:image:type\" content=\"image\/jpeg\" \/>\n<meta name=\"twitter:card\" content=\"summary_large_image\" \/>\n<meta name=\"twitter:label1\" content=\"Gesch\u00e4tzte Lesezeit\" \/>\n\t<meta name=\"twitter:data1\" content=\"3 Minuten\" \/>\n<script type=\"application\/ld+json\" class=\"yoast-schema-graph\">{\"@context\":\"https:\/\/schema.org\",\"@graph\":[{\"@type\":\"WebPage\",\"@id\":\"https:\/\/www.fahrschule-friedel-thiele.de\/cms\/?page_id=70\",\"url\":\"https:\/\/www.fahrschule-friedel-thiele.de\/cms\/?page_id=70\",\"name\":\"Impressum - Fahrschule Thiele\",\"isPartOf\":{\"@id\":\"https:\/\/www.fahrschule-friedel-thiele.de\/cms\/#website\"},\"datePublished\":\"2013-12-15T17:35:08+00:00\",\"dateModified\":\"2024-07-14T18:04:39+00:00\",\"description\":\"Deine Fahrschule in Brilon f\u00fcr die Ausbildung rund um den F\u00fchrerschein! Profitiere also auch Du von unserer \u00fcber 40-j\u00e4hrigen Erfahrung!\",\"breadcrumb\":{\"@id\":\"https:\/\/www.fahrschule-friedel-thiele.de\/cms\/?page_id=70#breadcrumb\"},\"inLanguage\":\"de-DE\",\"potentialAction\":[{\"@type\":\"ReadAction\",\"target\":[\"https:\/\/www.fahrschule-friedel-thiele.de\/cms\/?page_id=70\"]}]},{\"@type\":\"BreadcrumbList\",\"@id\":\"https:\/\/www.fahrschule-friedel-thiele.de\/cms\/?page_id=70#breadcrumb\",\"itemListElement\":[{\"@type\":\"ListItem\",\"position\":1,\"name\":\"Home\",\"item\":\"https:\/\/www.fahrschule-friedel-thiele.de\/cms\/\"},{\"@type\":\"ListItem\",\"position\":2,\"name\":\"Impressum\"}]},{\"@type\":\"WebSite\",\"@id\":\"https:\/\/www.fahrschule-friedel-thiele.de\/cms\/#website\",\"url\":\"https:\/\/www.fahrschule-friedel-thiele.de\/cms\/\",\"name\":\"Fahrschule Friedel Thiele\",\"description\":\"Schnell und sicher zum F\u00fchrerschein\",\"publisher\":{\"@id\":\"https:\/\/www.fahrschule-friedel-thiele.de\/cms\/#organization\"},\"alternateName\":\"Fahrschule Thiele\",\"potentialAction\":[{\"@type\":\"SearchAction\",\"target\":{\"@type\":\"EntryPoint\",\"urlTemplate\":\"https:\/\/www.fahrschule-friedel-thiele.de\/cms\/?s={search_term_string}\"},\"query-input\":\"required name=search_term_string\"}],\"inLanguage\":\"de-DE\"},{\"@type\":\"Organization\",\"@id\":\"https:\/\/www.fahrschule-friedel-thiele.de\/cms\/#organization\",\"name\":\"Fahrschule Friedel Thiele\",\"alternateName\":\"Fahrschule Thiele\",\"url\":\"https:\/\/www.fahrschule-friedel-thiele.de\/cms\/\",\"logo\":{\"@type\":\"ImageObject\",\"inLanguage\":\"de-DE\",\"@id\":\"https:\/\/www.fahrschule-friedel-thiele.de\/cms\/#\/schema\/logo\/image\/\",\"url\":\"https:\/\/www.fahrschule-friedel-thiele.de\/cms\/wp-content\/uploads\/2024\/07\/Untitled-design1.jpeg\",\"contentUrl\":\"https:\/\/www.fahrschule-friedel-thiele.de\/cms\/wp-content\/uploads\/2024\/07\/Untitled-design1.jpeg\",\"width\":696,\"height\":696,\"caption\":\"Fahrschule Friedel Thiele\"},\"image\":{\"@id\":\"https:\/\/www.fahrschule-friedel-thiele.de\/cms\/#\/schema\/logo\/image\/\"},\"sameAs\":[\"https:\/\/www.facebook.com\/fahrschulethiele\",\"https:\/\/www.instagram.com\/fahrschule_thiele\/\"]}]}<\/script>\n<!-- \/ Yoast SEO plugin. -->","yoast_head_json":{"title":"Impressum - Fahrschule Thiele","description":"Deine Fahrschule in Brilon f\u00fcr die Ausbildung rund um den F\u00fchrerschein! Profitiere also auch Du von unserer \u00fcber 40-j\u00e4hrigen Erfahrung!","robots":{"index":"index","follow":"follow","max-snippet":"max-snippet:-1","max-image-preview":"max-image-preview:large","max-video-preview":"max-video-preview:-1"},"canonical":"https:\/\/www.fahrschule-friedel-thiele.de\/cms\/?page_id=70","og_locale":"de_DE","og_type":"article","og_title":"Impressum - Fahrschule Thiele","og_description":"Deine Fahrschule in Brilon f\u00fcr die Ausbildung rund um den F\u00fchrerschein! Profitiere also auch Du von unserer \u00fcber 40-j\u00e4hrigen Erfahrung!","og_url":"https:\/\/www.fahrschule-friedel-thiele.de\/cms\/?page_id=70","og_site_name":"Fahrschule Friedel Thiele","article_publisher":"https:\/\/www.facebook.com\/fahrschulethiele","article_modified_time":"2024-07-14T18:04:39+00:00","og_image":[{"width":2560,"height":1920,"url":"https:\/\/www.fahrschule-friedel-thiele.de\/cms\/wp-content\/uploads\/2024\/12\/Cupra-Tanke.jpg-scaled.jpg","type":"image\/jpeg"}],"twitter_card":"summary_large_image","twitter_misc":{"Gesch\u00e4tzte Lesezeit":"3 Minuten"},"schema":{"@context":"https:\/\/schema.org","@graph":[{"@type":"WebPage","@id":"https:\/\/www.fahrschule-friedel-thiele.de\/cms\/?page_id=70","url":"https:\/\/www.fahrschule-friedel-thiele.de\/cms\/?page_id=70","name":"Impressum - Fahrschule Thiele","isPartOf":{"@id":"https:\/\/www.fahrschule-friedel-thiele.de\/cms\/#website"},"datePublished":"2013-12-15T17:35:08+00:00","dateModified":"2024-07-14T18:04:39+00:00","description":"Deine Fahrschule in Brilon f\u00fcr die Ausbildung rund um den F\u00fchrerschein! Profitiere also auch Du von unserer \u00fcber 40-j\u00e4hrigen Erfahrung!","breadcrumb":{"@id":"https:\/\/www.fahrschule-friedel-thiele.de\/cms\/?page_id=70#breadcrumb"},"inLanguage":"de-DE","potentialAction":[{"@type":"ReadAction","target":["https:\/\/www.fahrschule-friedel-thiele.de\/cms\/?page_id=70"]}]},{"@type":"BreadcrumbList","@id":"https:\/\/www.fahrschule-friedel-thiele.de\/cms\/?page_id=70#breadcrumb","itemListElement":[{"@type":"ListItem","position":1,"name":"Home","item":"https:\/\/www.fahrschule-friedel-thiele.de\/cms\/"},{"@type":"ListItem","position":2,"name":"Impressum"}]},{"@type":"WebSite","@id":"https:\/\/www.fahrschule-friedel-thiele.de\/cms\/#website","url":"https:\/\/www.fahrschule-friedel-thiele.de\/cms\/","name":"Fahrschule Friedel Thiele","description":"Schnell und sicher zum F\u00fchrerschein","publisher":{"@id":"https:\/\/www.fahrschule-friedel-thiele.de\/cms\/#organization"},"alternateName":"Fahrschule Thiele","potentialAction":[{"@type":"SearchAction","target":{"@type":"EntryPoint","urlTemplate":"https:\/\/www.fahrschule-friedel-thiele.de\/cms\/?s={search_term_string}"},"query-input":"required name=search_term_string"}],"inLanguage":"de-DE"},{"@type":"Organization","@id":"https:\/\/www.fahrschule-friedel-thiele.de\/cms\/#organization","name":"Fahrschule Friedel Thiele","alternateName":"Fahrschule Thiele","url":"https:\/\/www.fahrschule-friedel-thiele.de\/cms\/","logo":{"@type":"ImageObject","inLanguage":"de-DE","@id":"https:\/\/www.fahrschule-friedel-thiele.de\/cms\/#\/schema\/logo\/image\/","url":"https:\/\/www.fahrschule-friedel-thiele.de\/cms\/wp-content\/uploads\/2024\/07\/Untitled-design1.jpeg","contentUrl":"https:\/\/www.fahrschule-friedel-thiele.de\/cms\/wp-content\/uploads\/2024\/07\/Untitled-design1.jpeg","width":696,"height":696,"caption":"Fahrschule Friedel Thiele"},"image":{"@id":"https:\/\/www.fahrschule-friedel-thiele.de\/cms\/#\/schema\/logo\/image\/"},"sameAs":["https:\/\/www.facebook.com\/fahrschulethiele","https:\/\/www.instagram.com\/fahrschule_thiele\/"]}]}},"_links":{"self":[{"href":"https:\/\/www.fahrschule-friedel-thiele.de\/cms\/index.php?rest_route=\/wp\/v2\/pages\/70"}],"collection":[{"href":"https:\/\/www.fahrschule-friedel-thiele.de\/cms\/index.php?rest_route=\/wp\/v2\/pages"}],"about":[{"href":"https:\/\/www.fahrschule-friedel-thiele.de\/cms\/index.php?rest_route=\/wp\/v2\/types\/page"}],"author":[{"embeddable":true,"href":"https:\/\/www.fahrschule-friedel-thiele.de\/cms\/index.php?rest_route=\/wp\/v2\/users\/1"}],"replies":[{"embeddable":true,"href":"https:\/\/www.fahrschule-friedel-thiele.de\/cms\/index.php?rest_route=%2Fwp%2Fv2%2Fcomments&post=70"}],"version-history":[{"count":9,"href":"https:\/\/www.fahrschule-friedel-thiele.de\/cms\/index.php?rest_route=\/wp\/v2\/pages\/70\/revisions"}],"predecessor-version":[{"id":2280,"href":"https:\/\/www.fahrschule-friedel-thiele.de\/cms\/index.php?rest_route=\/wp\/v2\/pages\/70\/revisions\/2280"}],"wp:attachment":[{"href":"https:\/\/www.fahrschule-friedel-thiele.de\/cms\/index.php?rest_route=%2Fwp%2Fv2%2Fmedia&parent=70"}],"curies":[{"name":"wp","href":"https:\/\/api.w.org\/{rel}","templated":true}]}}